{"id":206,"date":"2025-02-03T04:09:45","date_gmt":"2025-02-03T04:09:45","guid":{"rendered":"https:\/\/raicesccdi.com\/?page_id=206"},"modified":"2026-03-16T01:10:42","modified_gmt":"2026-03-16T01:10:42","slug":"inicio-prueba","status":"publish","type":"page","link":"https:\/\/raicesccdi.com\/","title":{"rendered":"INICIO"},"content":{"rendered":"\n<div class=\"wp-block-stackable-columns alignwide stk-block-columns stk-block stk-cc06184\" data-block-id=\"cc06184\"><style>.stk-cc06184 {margin-bottom:13px !important;}.stk-cc06184-column{--stk-columns-spacing:var(--stk--preset--spacing--none, 0px) !important;}<\/style><div class=\"stk-row stk-inner-blocks stk-block-content stk-content-align stk-cc06184-column alignwide\">\n<div class=\"wp-block-stackable-column stk-block-column stk-column stk-block stk-5afda94\" data-v=\"4\" data-block-id=\"5afda94\"><div class=\"stk-column-wrapper stk-block-column__content stk-container stk-5afda94-container stk--no-background stk--no-padding\"><div class=\"stk-block-content stk-inner-blocks stk-5afda94-inner-blocks\">\n<div class=\"wp-block-stackable-hero alignwide stk-block-hero stk-block stk-d349434 stk-block-background stk--has-background-overlay\" data-v=\"2\" data-block-id=\"d349434\"><style>.stk-d349434-inner-blocks{justify-content:center !important;}.stk-d349434 {background-color:#00000000 !important;background-image:url(https:\/\/raicesccdi.com\/wp-content\/uploads\/2026\/01\/5O6A0792-scaled.jpg) !important;background-position:top left !important;background-repeat:repeat !important;background-size:custom !important;background-blend-mode:color-dodge !important;margin-bottom:0px !important;}.stk-d349434:before{background-color:#00000000 !important;opacity:0 !important;}.stk-d349434 .stk-block-hero__content{min-height:500px !important;align-items:center !important;display:flex !important;}<\/style><div class=\"stk-block-hero__content stk-content-align stk-d349434-column alignwide stk-container stk-d349434-container stk--no-background stk--no-padding\"><div class=\"stk-block-content stk-inner-blocks has-text-align-center stk--column-flex stk-d349434-inner-blocks\"><\/div><\/div><\/div>\n<\/div><\/div><\/div>\n<\/div><\/div>\n\n\n\n<div class=\"wp-block-stackable-columns alignwide stk-block-columns stk-block stk-b8ef082 stk-block-background\" data-block-id=\"b8ef082\"><style>.stk-b8ef082 .stk--block-align-b8ef082{align-items:stretch !important;}.stk-b8ef082 {background-color:#3aaa35 !important;padding-top:var(--stk--preset--spacing--none, 0px) !important;padding-right:var(--stk--preset--spacing--none, 0px) !important;padding-bottom:var(--stk--preset--spacing--none, 0px) !important;padding-left:var(--stk--preset--spacing--none, 0px) !important;margin-bottom:36px !important;}.stk-b8ef082:before{background-color:#3aaa35 !important;}<\/style><div class=\"stk-row stk-inner-blocks stk--block-align-b8ef082 stk-block-content stk-content-align stk-b8ef082-column alignwide\">\n<div class=\"wp-block-stackable-column stk-block-column stk-column stk-block stk-6b639cf\" data-v=\"4\" data-block-id=\"6b639cf\"><style>@media screen and (min-width:690px){.stk-6b639cf {flex:var(--stk-flex-grow, 1) 1 calc(47.9% - var(--stk-column-gap, 0px) * 2 \/ 3 ) !important;}}<\/style><div class=\"stk-column-wrapper stk-block-column__content stk-container stk-6b639cf-container stk--no-background stk--no-padding\"><div class=\"stk-block-content stk-inner-blocks stk-6b639cf-inner-blocks\">\n<div class=\"wp-block-stackable-heading stk-block-heading stk-block-heading--v2 stk-block stk-137280c\" id=\"strong-bienvenidos-a-strong\" data-block-id=\"137280c\"><style>.stk-137280c .stk-block-heading__text{color:var(--theme-palette-color-8, #ffffff) !important;font-style:normal !important;letter-spacing:1.3px !important;}<\/style><h1 class=\"stk-block-heading__text has-text-color has-text-align-right\"><strong>BIENVENIDOS A<\/strong><\/h1><\/div>\n<\/div><\/div><\/div>\n\n\n\n<div class=\"wp-block-stackable-column stk-block-column stk-column stk-block stk-e7567f1\" data-v=\"4\" data-block-id=\"e7567f1\"><style>.stk-e7567f1-inner-blocks{align-items:flex-start !important;}@media screen and (min-width:690px){.stk-e7567f1 {flex:var(--stk-flex-grow, 1) 1 calc(16.89999999999999% - var(--stk-column-gap, 0px) * 2 \/ 3 ) !important;}}<\/style><div class=\"stk-column-wrapper stk-block-column__content stk-container stk-e7567f1-container stk--no-background stk--no-padding\"><div class=\"stk--column-flex stk-block-content stk-inner-blocks stk-e7567f1-inner-blocks\">\n<div class=\"wp-block-stackable-heading stk-block-heading stk-block-heading--v2 stk-block stk-640480f\" id=\"cencap\" data-block-id=\"640480f\"><style>.stk-640480f .stk-block-heading__text{color:#ffffff !important;font-family:\"Zen Tokyo Zoo\", Sans-serif !important;}<\/style><h1 class=\"stk-block-heading__text has-text-color\">CENCAP <\/h1><\/div>\n<\/div><\/div><\/div>\n\n\n\n<div class=\"wp-block-stackable-column stk-block-column stk-column stk-block stk-2198cc7\" data-v=\"4\" data-block-id=\"2198cc7\"><style>.stk-2198cc7-container{max-width:1500px !important;min-width:auto !important;margin-right:auto !important;margin-left:auto !important;}@media screen and (min-width:690px){.stk-2198cc7 {flex:var(--stk-flex-grow, 1) 1 calc(35.20000000000002% - var(--stk-column-gap, 0px) * 2 \/ 3 ) !important;}}<\/style><div class=\"stk-column-wrapper stk-block-column__content stk-container stk-2198cc7-container stk--no-background stk--no-padding\"><div class=\"stk-block-content stk-inner-blocks stk-2198cc7-inner-blocks\">\n<div class=\"wp-block-stackable-heading stk-block-heading stk-block-heading--v2 stk-block stk-95e042a\" id=\"raices\" data-block-id=\"95e042a\"><style>.stk-95e042a .stk-block-heading__top-line{margin-left:auto !important;margin-right:auto !important;}.stk-95e042a {max-width:1382px !important;min-width:auto !important;}.stk-95e042a .stk-block-heading__text{color:#ffffff !important;}<\/style><h1 class=\"stk-block-heading__text has-text-color\">RA\u00cdCES<\/h1><\/div>\n<\/div><\/div><\/div>\n<\/div><\/div>\n\n\n\n<div class=\"wp-block-stackable-columns stk-block-columns stk-block stk-ffd94e5\" data-block-id=\"ffd94e5\"><div class=\"stk-row stk-inner-blocks stk-block-content stk-content-align stk-ffd94e5-column\">\n<div class=\"wp-block-stackable-column stk-block-column stk-column stk-block stk-f714789\" data-v=\"4\" data-block-id=\"f714789\"><div class=\"stk-column-wrapper stk-block-column__content stk-container stk-f714789-container stk--no-background stk--no-padding\"><div class=\"stk-block-content stk-inner-blocks stk-f714789-inner-blocks\">\n<div class=\"wp-block-stackable-columns stk-block-columns stk-block stk-e802ab3\" data-block-id=\"e802ab3\"><div class=\"stk-row stk-inner-blocks stk-block-content stk-content-align stk-e802ab3-column\">\n<div class=\"wp-block-stackable-column stk-block-column stk-column stk-block stk-812694c\" data-v=\"4\" data-block-id=\"812694c\"><div class=\"stk-column-wrapper stk-block-column__content stk-container stk-812694c-container stk--no-background stk--no-padding\"><div class=\"stk-block-content stk-inner-blocks stk-812694c-inner-blocks\">\n<p class=\"has-black-color has-text-color has-link-color has-large-font-size wp-elements-2e5583fc4989cff7e8e3ec74e3b8cb54\">En RA\u00cdCES creemos en el potencial de cada persona. Somos un espacio donde ni\u00f1os y j\u00f3venes descubren su talento, fortalecen su autoestima y desarrollan habilidades para la vida a trav\u00e9s del arte, la m\u00fasica y programas de desarrollo personal e inclusi\u00f3n.<\/p>\n<\/div><\/div><\/div>\n<\/div><\/div>\n<\/div><\/div><\/div>\n<\/div><\/div>\n\n\n\n<div class=\"wp-block-stackable-columns stk-block-columns stk-block stk-19fbe1d\" data-block-id=\"19fbe1d\"><div class=\"stk-row stk-inner-blocks stk-block-content stk-content-align stk-19fbe1d-column\">\n<div class=\"wp-block-stackable-column stk-block-column stk-column stk-block stk-bc30010\" data-v=\"4\" data-block-id=\"bc30010\"><div class=\"stk-column-wrapper stk-block-column__content stk-container stk-bc30010-container stk--no-background stk--no-padding\"><div class=\"stk-block-content stk-inner-blocks stk-bc30010-inner-blocks\">\n<h1 class=\"wp-block-heading\">Servicios<\/h1>\n\n\n\n<p class=\"has-black-color has-text-color has-link-color has-medium-font-size wp-elements-68800bce82b0e69cca0a7e744dead806\">Ofrecemos servicios especializados para el desarrollo integral de ni\u00f1os, adolescentes y j\u00f3venes.<br>Nuestro enfoque es profesional, humano y adaptado a cada necesidad.<\/p>\n<\/div><\/div><\/div>\n\n\n\n<div class=\"wp-block-stackable-column stk-block-column stk-column stk-block stk-9adbbe6\" data-v=\"4\" data-block-id=\"9adbbe6\"><div class=\"stk-column-wrapper stk-block-column__content stk-container stk-9adbbe6-container stk--no-background stk--no-padding\"><div class=\"stk-block-content stk-inner-blocks stk-9adbbe6-inner-blocks\">\n<figure class=\"wp-block-image size-large\"><img fetchpriority=\"high\" decoding=\"async\" width=\"1024\" height=\"683\" src=\"https:\/\/raicesccdi.com\/wp-content\/uploads\/2025\/08\/IMG_7105-1024x683.jpg\" alt=\"\" class=\"wp-image-301\" srcset=\"https:\/\/raicesccdi.com\/wp-content\/uploads\/2025\/08\/IMG_7105-1024x683.jpg 1024w, https:\/\/raicesccdi.com\/wp-content\/uploads\/2025\/08\/IMG_7105-scaled-600x400.jpg 600w, https:\/\/raicesccdi.com\/wp-content\/uploads\/2025\/08\/IMG_7105-300x200.jpg 300w, https:\/\/raicesccdi.com\/wp-content\/uploads\/2025\/08\/IMG_7105-768x512.jpg 768w, https:\/\/raicesccdi.com\/wp-content\/uploads\/2025\/08\/IMG_7105-1536x1024.jpg 1536w, https:\/\/raicesccdi.com\/wp-content\/uploads\/2025\/08\/IMG_7105-2048x1365.jpg 2048w\" sizes=\"(max-width: 1024px) 100vw, 1024px\" \/><\/figure>\n<\/div><\/div><\/div>\n<\/div><\/div>\n\n\n\n<div class=\"wp-block-stackable-columns stk-block-columns stk-block stk-d85f1d9\" data-block-id=\"d85f1d9\"><div class=\"stk-row stk-inner-blocks stk-block-content stk-content-align stk-d85f1d9-column\">\n<div class=\"wp-block-stackable-column stk-block-column stk-column stk-block stk-6da08ee\" data-v=\"4\" data-block-id=\"6da08ee\"><div class=\"stk-column-wrapper stk-block-column__content stk-container stk-6da08ee-container stk--no-background stk--no-padding\"><div class=\"stk-block-content stk-inner-blocks stk-6da08ee-inner-blocks\">\n<div class=\"wp-block-essential-blocks-button  root-eb-button-fvbrf\"><div class=\"eb-parent-wrapper eb-parent-eb-button-fvbrf \"><div class=\"eb-button-wrapper eb-button-alignment eb-button-fvbrf\"><div class=\"eb-button\"><div class=\"eb-button-inner-wrapper \"><a class=\"eb-button-anchor \" href=\"https:\/\/raicesccdi.com\/?page_id=816\" rel=\"noopener\">Conocer nuestros programas<\/a><\/div><\/div><\/div><\/div><\/div>\n<\/div><\/div><\/div>\n\n\n\n<div class=\"wp-block-stackable-column stk-block-column stk-column stk-block stk-11a42a3\" data-v=\"4\" data-block-id=\"11a42a3\"><div class=\"stk-column-wrapper stk-block-column__content stk-container stk-11a42a3-container stk--no-background stk--no-padding\"><div class=\"stk-block-content stk-inner-blocks stk-11a42a3-inner-blocks\">\n<div class=\"wp-block-essential-blocks-button  root-eb-button-0vsfg\"><div class=\"eb-parent-wrapper eb-parent-eb-button-0vsfg \"><div class=\"eb-button-wrapper eb-button-alignment eb-button-0vsfg\"><div class=\"eb-button\"><div class=\"eb-button-inner-wrapper \"><a class=\"eb-button-anchor \" href=\"https:\/\/api.whatsapp.com\/message\/GSSVWVBYXSVJM1?autoload=1&amp;app_absent=0\" rel=\"noopener\">Agendar una visita<\/a><\/div><\/div><\/div><\/div><\/div>\n<\/div><\/div><\/div>\n\n\n\n<div class=\"wp-block-stackable-column stk-block-column stk-column stk-block stk-7ed2453\" data-v=\"4\" data-block-id=\"7ed2453\"><div class=\"stk-column-wrapper stk-block-column__content stk-container stk-7ed2453-container stk--no-background stk--no-padding\"><div class=\"stk-block-content stk-inner-blocks stk-7ed2453-inner-blocks\">\n<div class=\"wp-block-essential-blocks-button  root-eb-button-a9j0z\"><div class=\"eb-parent-wrapper eb-parent-eb-button-a9j0z \"><div class=\"eb-button-wrapper eb-button-alignment eb-button-a9j0z\"><div class=\"eb-button\"><div class=\"eb-button-inner-wrapper \"><a class=\"eb-button-anchor \" href=\"https:\/\/api.whatsapp.com\/message\/GSSVWVBYXSVJM1?autoload=1&amp;app_absent=0\" rel=\"noopener\">Solicitar informaci\u00f3n<\/a><\/div><\/div><\/div><\/div><\/div>\n<\/div><\/div><\/div>\n<\/div><\/div>\n\n\n\n<div class=\"wp-block-stackable-columns stk-block-columns stk-block stk-10f40f5\" data-block-id=\"10f40f5\"><div class=\"stk-row stk-inner-blocks stk-block-content stk-content-align stk-10f40f5-column\">\n<div class=\"wp-block-stackable-column stk-block-column stk-column stk-block stk-d31e2c1\" data-v=\"4\" data-block-id=\"d31e2c1\"><div class=\"stk-column-wrapper stk-block-column__content stk-container stk-d31e2c1-container stk--no-background stk--no-padding\"><div class=\"stk-block-content stk-inner-blocks stk-d31e2c1-inner-blocks\">\n<h2 class=\"wp-block-heading\">\u00bfQu\u00e9 es RA\u00cdCES?<\/h2>\n\n\n\n<p class=\"has-black-color has-text-color has-link-color has-medium-font-size wp-elements-0c3e3c9408ec02685decff305c68dad9\">RA\u00cdCES es un centro de formaci\u00f3n y acompa\u00f1amiento integral que busca potenciar las habilidades personales, sociales y creativas de ni\u00f1os y j\u00f3venes. Nuestro enfoque combina arte, m\u00fasica, desarrollo personal e inclusi\u00f3n para acompa\u00f1ar procesos de crecimiento con sentido y prop\u00f3sito.<\/p>\n<\/div><\/div><\/div>\n<\/div><\/div>\n\n\n\n<p><\/p>\n","protected":false},"excerpt":{"rendered":"<p>BIENVENIDOS A CENCAP RA\u00cdCES En RA\u00cdCES creemos en el potencial de cada persona. Somos un espacio donde ni\u00f1os y j\u00f3venes descubren su talento, fortalecen su autoestima y desarrollan habilidades para la vida a trav\u00e9s del arte, la m\u00fasica y programas de desarrollo personal e inclusi\u00f3n. Servicios Ofrecemos servicios especializados para el desarrollo integral de ni\u00f1os, [&hellip;]<\/p>\n","protected":false},"author":1,"featured_media":0,"parent":0,"menu_order":0,"comment_status":"closed","ping_status":"closed","template":"","meta":{"_eb_attr":"","footnotes":""},"class_list":["post-206","page","type-page","status-publish","hentry"],"blocksy_meta":[],"jetpack_sharing_enabled":true,"_links":{"self":[{"href":"https:\/\/raicesccdi.com\/index.php?rest_route=\/wp\/v2\/pages\/206","targetHints":{"allow":["GET"]}}],"collection":[{"href":"https:\/\/raicesccdi.com\/index.php?rest_route=\/wp\/v2\/pages"}],"about":[{"href":"https:\/\/raicesccdi.com\/index.php?rest_route=\/wp\/v2\/types\/page"}],"author":[{"embeddable":true,"href":"https:\/\/raicesccdi.com\/index.php?rest_route=\/wp\/v2\/users\/1"}],"replies":[{"embeddable":true,"href":"https:\/\/raicesccdi.com\/index.php?rest_route=%2Fwp%2Fv2%2Fcomments&post=206"}],"version-history":[{"count":100,"href":"https:\/\/raicesccdi.com\/index.php?rest_route=\/wp\/v2\/pages\/206\/revisions"}],"predecessor-version":[{"id":845,"href":"https:\/\/raicesccdi.com\/index.php?rest_route=\/wp\/v2\/pages\/206\/revisions\/845"}],"wp:attachment":[{"href":"https:\/\/raicesccdi.com\/index.php?rest_route=%2Fwp%2Fv2%2Fmedia&parent=206"}],"curies":[{"name":"wp","href":"https:\/\/api.w.org\/{rel}","templated":true}]}}